{"id":31578,"date":"2025-09-09T08:39:06","date_gmt":"2025-09-09T08:39:06","guid":{"rendered":"https:\/\/printshark.ee\/toode\/erikoismuotoiset-tarrat-suorakulmio-ovaali-kolmio-erikoismuoto\/"},"modified":"2026-04-03T07:29:13","modified_gmt":"2026-04-03T07:29:13","slug":"erikoismuotoiset-tarrat-suorakulmio-ovaali-kolmio-erikoismuoto","status":"publish","type":"product","link":"https:\/\/printshark.ee\/fi\/tuote\/erikoismuotoiset-tarrat-suorakulmio-ovaali-kolmio-erikoismuoto\/","title":{"rendered":"Erikoismuotoiset tarrat \u2013 suorakulmio, ovaali, kolmio, erikoismuoto\u2026"},"content":{"rendered":"<p>PVC-vinyylitarrat ovat kest\u00e4vi\u00e4, veden- ja s\u00e4\u00e4nkest\u00e4vi\u00e4, joten ne sopivat erinomaisesti sek\u00e4 sis\u00e4- ett\u00e4 ulkok\u00e4ytt\u00f6\u00f6n. Mukautettava muoto, koko ja suunnittelu. Tarroissa on vahva liima, joka tarttuu hyvin tasaisille pinnoille, kuten lasiin, muoviin ja metalliin.<\/p>\n","protected":false},"excerpt":{"rendered":"<p>T\u00e4\u00e4lt\u00e4 voit tilata erikoismuotoisia tarroja (suorakulmio, ovaali, kolmio, erikoismuoto), jotka on leikattu lis\u00e4ttyjen suunnitelmiesi ja mittojesi mukaan. Tarrat toimitetaan arkeina, yhdell\u00e4 arkilla on useita tarroja.<br \/>\nSy\u00f6t\u00e4 haluamasi tarran mitat senttimetrein\u00e4 (cm).<br \/>\nJos haluat eri kokoisen tai muotoisen tarran, <a href=\"https:\/\/printshark.ee\/fi\/yhteystiedot\/\">ota yhteytt\u00e4<\/a>, niin teemme sen.<\/p>\n","protected":false},"featured_media":31581,"template":"","meta":[],"product_brand":[],"product_cat":[287],"product_tag":[],"class_list":{"0":"post-31578","1":"product","2":"type-product","3":"status-publish","4":"has-post-thumbnail","6":"product_cat-tarrat","8":"first","9":"instock","10":"shipping-taxable","11":"purchasable","12":"product-type-simple"},"yoast_head":"<!-- This site is optimized with the Yoast SEO plugin v27.3 - https:\/\/yoast.com\/product\/yoast-seo-wordpress\/ -->\n<title>Erikoismuotoiset tarrat \u2013 suorakulmio, ovaali, kolmio, erikoismuoto\u2026 - Printshark<\/title>\n<meta name=\"robots\" content=\"index, follow, max-snippet:-1, max-image-preview:large, max-video-preview:-1\" \/>\n<link rel=\"canonical\" href=\"https:\/\/printshark.ee\/fi\/tuote\/erikoismuotoiset-tarrat-suorakulmio-ovaali-kolmio-erikoismuoto\/\" \/>\n<meta property=\"og:locale\" content=\"fi_FI\" \/>\n<meta property=\"og:type\" content=\"article\" \/>\n<meta property=\"og:title\" content=\"Erikoismuotoiset tarrat \u2013 suorakulmio, ovaali, kolmio, erikoismuoto\u2026 - Printshark\" \/>\n<meta property=\"og:description\" content=\"T\u00e4\u00e4lt\u00e4 voit tilata erikoismuotoisia tarroja (suorakulmio, ovaali, kolmio, erikoismuoto), jotka on leikattu lis\u00e4ttyjen suunnitelmiesi ja mittojesi mukaan. Tarrat toimitetaan arkeina, yhdell\u00e4 arkilla on useita tarroja. Sy\u00f6t\u00e4 haluamasi tarran mitat senttimetrein\u00e4 (cm). Jos haluat eri kokoisen tai muotoisen tarran, ota yhteytt\u00e4, niin teemme sen.\" \/>\n<meta property=\"og:url\" content=\"https:\/\/printshark.ee\/fi\/tuote\/erikoismuotoiset-tarrat-suorakulmio-ovaali-kolmio-erikoismuoto\/\" \/>\n<meta property=\"og:site_name\" content=\"Printshark\" \/>\n<meta property=\"article:publisher\" content=\"https:\/\/www.facebook.com\/printsharkest\" \/>\n<meta property=\"article:modified_time\" content=\"2026-04-03T07:29:13+00:00\" \/>\n<meta property=\"og:image\" content=\"https:\/\/printshark.ee\/wp-content\/uploads\/2024\/12\/erikujukleebised.jpg\" \/>\n\t<meta property=\"og:image:width\" content=\"1500\" \/>\n\t<meta property=\"og:image:height\" content=\"1500\" \/>\n\t<meta property=\"og:image:type\" content=\"image\/jpeg\" \/>\n<meta name=\"twitter:card\" content=\"summary_large_image\" \/>\n<meta name=\"twitter:label1\" content=\"Arvioitu lukuaika\" \/>\n\t<meta name=\"twitter:data1\" content=\"1 minuutti\" \/>\n<script type=\"application\/ld+json\" class=\"yoast-schema-graph\">{\"@context\":\"https:\\\/\\\/schema.org\",\"@graph\":[{\"@type\":\"WebPage\",\"@id\":\"https:\\\/\\\/printshark.ee\\\/fi\\\/tuote\\\/erikoismuotoiset-tarrat-suorakulmio-ovaali-kolmio-erikoismuoto\\\/\",\"url\":\"https:\\\/\\\/printshark.ee\\\/fi\\\/tuote\\\/erikoismuotoiset-tarrat-suorakulmio-ovaali-kolmio-erikoismuoto\\\/\",\"name\":\"Erikoismuotoiset tarrat \u2013 suorakulmio, ovaali, kolmio, erikoismuoto\u2026 - Printshark\",\"isPartOf\":{\"@id\":\"https:\\\/\\\/printshark.ee\\\/fi\\\/#website\"},\"primaryImageOfPage\":{\"@id\":\"https:\\\/\\\/printshark.ee\\\/fi\\\/tuote\\\/erikoismuotoiset-tarrat-suorakulmio-ovaali-kolmio-erikoismuoto\\\/#primaryimage\"},\"image\":{\"@id\":\"https:\\\/\\\/printshark.ee\\\/fi\\\/tuote\\\/erikoismuotoiset-tarrat-suorakulmio-ovaali-kolmio-erikoismuoto\\\/#primaryimage\"},\"thumbnailUrl\":\"https:\\\/\\\/printshark.ee\\\/wp-content\\\/uploads\\\/2024\\\/12\\\/erikujukleebised.jpg\",\"datePublished\":\"2025-09-09T08:39:06+00:00\",\"dateModified\":\"2026-04-03T07:29:13+00:00\",\"breadcrumb\":{\"@id\":\"https:\\\/\\\/printshark.ee\\\/fi\\\/tuote\\\/erikoismuotoiset-tarrat-suorakulmio-ovaali-kolmio-erikoismuoto\\\/#breadcrumb\"},\"inLanguage\":\"fi\",\"potentialAction\":[{\"@type\":\"ReadAction\",\"target\":[\"https:\\\/\\\/printshark.ee\\\/fi\\\/tuote\\\/erikoismuotoiset-tarrat-suorakulmio-ovaali-kolmio-erikoismuoto\\\/\"]}]},{\"@type\":\"ImageObject\",\"inLanguage\":\"fi\",\"@id\":\"https:\\\/\\\/printshark.ee\\\/fi\\\/tuote\\\/erikoismuotoiset-tarrat-suorakulmio-ovaali-kolmio-erikoismuoto\\\/#primaryimage\",\"url\":\"https:\\\/\\\/printshark.ee\\\/wp-content\\\/uploads\\\/2024\\\/12\\\/erikujukleebised.jpg\",\"contentUrl\":\"https:\\\/\\\/printshark.ee\\\/wp-content\\\/uploads\\\/2024\\\/12\\\/erikujukleebised.jpg\",\"width\":1500,\"height\":1500},{\"@type\":\"BreadcrumbList\",\"@id\":\"https:\\\/\\\/printshark.ee\\\/fi\\\/tuote\\\/erikoismuotoiset-tarrat-suorakulmio-ovaali-kolmio-erikoismuoto\\\/#breadcrumb\",\"itemListElement\":[{\"@type\":\"ListItem\",\"position\":1,\"name\":\"Home\",\"item\":\"https:\\\/\\\/printshark.ee\\\/fi\\\/\"},{\"@type\":\"ListItem\",\"position\":2,\"name\":\"Kauppa\",\"item\":\"https:\\\/\\\/printshark.ee\\\/fi\\\/kauppa\\\/\"},{\"@type\":\"ListItem\",\"position\":3,\"name\":\"Erikoismuotoiset tarrat \u2013 suorakulmio, ovaali, kolmio, erikoismuoto\u2026\"}]},{\"@type\":\"WebSite\",\"@id\":\"https:\\\/\\\/printshark.ee\\\/fi\\\/#website\",\"url\":\"https:\\\/\\\/printshark.ee\\\/fi\\\/\",\"name\":\"Printshark\",\"description\":\"Kleebised sinu br&auml;ndile. Kiirelt. Lihtsalt. Personaalselt.\",\"publisher\":{\"@id\":\"https:\\\/\\\/printshark.ee\\\/fi\\\/#organization\"},\"potentialAction\":[{\"@type\":\"SearchAction\",\"target\":{\"@type\":\"EntryPoint\",\"urlTemplate\":\"https:\\\/\\\/printshark.ee\\\/fi\\\/?s={search_term_string}\"},\"query-input\":{\"@type\":\"PropertyValueSpecification\",\"valueRequired\":true,\"valueName\":\"search_term_string\"}}],\"inLanguage\":\"fi\"},{\"@type\":\"Organization\",\"@id\":\"https:\\\/\\\/printshark.ee\\\/fi\\\/#organization\",\"name\":\"Printshark\",\"url\":\"https:\\\/\\\/printshark.ee\\\/fi\\\/\",\"logo\":{\"@type\":\"ImageObject\",\"inLanguage\":\"fi\",\"@id\":\"https:\\\/\\\/printshark.ee\\\/fi\\\/#\\\/schema\\\/logo\\\/image\\\/\",\"url\":\"https:\\\/\\\/printshark.ee\\\/wp-content\\\/uploads\\\/2024\\\/12\\\/Printshark_logo.png\",\"contentUrl\":\"https:\\\/\\\/printshark.ee\\\/wp-content\\\/uploads\\\/2024\\\/12\\\/Printshark_logo.png\",\"width\":1200,\"height\":393,\"caption\":\"Printshark\"},\"image\":{\"@id\":\"https:\\\/\\\/printshark.ee\\\/fi\\\/#\\\/schema\\\/logo\\\/image\\\/\"},\"sameAs\":[\"https:\\\/\\\/www.facebook.com\\\/printsharkest\",\"https:\\\/\\\/www.instagram.com\\\/printshark.ee\\\/\"]}]}<\/script>\n<!-- \/ Yoast SEO plugin. -->","yoast_head_json":{"title":"Erikoismuotoiset tarrat \u2013 suorakulmio, ovaali, kolmio, erikoismuoto\u2026 - Printshark","robots":{"index":"index","follow":"follow","max-snippet":"max-snippet:-1","max-image-preview":"max-image-preview:large","max-video-preview":"max-video-preview:-1"},"canonical":"https:\/\/printshark.ee\/fi\/tuote\/erikoismuotoiset-tarrat-suorakulmio-ovaali-kolmio-erikoismuoto\/","og_locale":"fi_FI","og_type":"article","og_title":"Erikoismuotoiset tarrat \u2013 suorakulmio, ovaali, kolmio, erikoismuoto\u2026 - Printshark","og_description":"T\u00e4\u00e4lt\u00e4 voit tilata erikoismuotoisia tarroja (suorakulmio, ovaali, kolmio, erikoismuoto), jotka on leikattu lis\u00e4ttyjen suunnitelmiesi ja mittojesi mukaan. Tarrat toimitetaan arkeina, yhdell\u00e4 arkilla on useita tarroja. Sy\u00f6t\u00e4 haluamasi tarran mitat senttimetrein\u00e4 (cm). Jos haluat eri kokoisen tai muotoisen tarran, ota yhteytt\u00e4, niin teemme sen.","og_url":"https:\/\/printshark.ee\/fi\/tuote\/erikoismuotoiset-tarrat-suorakulmio-ovaali-kolmio-erikoismuoto\/","og_site_name":"Printshark","article_publisher":"https:\/\/www.facebook.com\/printsharkest","article_modified_time":"2026-04-03T07:29:13+00:00","og_image":[{"width":1500,"height":1500,"url":"https:\/\/printshark.ee\/wp-content\/uploads\/2024\/12\/erikujukleebised.jpg","type":"image\/jpeg"}],"twitter_card":"summary_large_image","twitter_misc":{"Arvioitu lukuaika":"1 minuutti"},"schema":{"@context":"https:\/\/schema.org","@graph":[{"@type":"WebPage","@id":"https:\/\/printshark.ee\/fi\/tuote\/erikoismuotoiset-tarrat-suorakulmio-ovaali-kolmio-erikoismuoto\/","url":"https:\/\/printshark.ee\/fi\/tuote\/erikoismuotoiset-tarrat-suorakulmio-ovaali-kolmio-erikoismuoto\/","name":"Erikoismuotoiset tarrat \u2013 suorakulmio, ovaali, kolmio, erikoismuoto\u2026 - Printshark","isPartOf":{"@id":"https:\/\/printshark.ee\/fi\/#website"},"primaryImageOfPage":{"@id":"https:\/\/printshark.ee\/fi\/tuote\/erikoismuotoiset-tarrat-suorakulmio-ovaali-kolmio-erikoismuoto\/#primaryimage"},"image":{"@id":"https:\/\/printshark.ee\/fi\/tuote\/erikoismuotoiset-tarrat-suorakulmio-ovaali-kolmio-erikoismuoto\/#primaryimage"},"thumbnailUrl":"https:\/\/printshark.ee\/wp-content\/uploads\/2024\/12\/erikujukleebised.jpg","datePublished":"2025-09-09T08:39:06+00:00","dateModified":"2026-04-03T07:29:13+00:00","breadcrumb":{"@id":"https:\/\/printshark.ee\/fi\/tuote\/erikoismuotoiset-tarrat-suorakulmio-ovaali-kolmio-erikoismuoto\/#breadcrumb"},"inLanguage":"fi","potentialAction":[{"@type":"ReadAction","target":["https:\/\/printshark.ee\/fi\/tuote\/erikoismuotoiset-tarrat-suorakulmio-ovaali-kolmio-erikoismuoto\/"]}]},{"@type":"ImageObject","inLanguage":"fi","@id":"https:\/\/printshark.ee\/fi\/tuote\/erikoismuotoiset-tarrat-suorakulmio-ovaali-kolmio-erikoismuoto\/#primaryimage","url":"https:\/\/printshark.ee\/wp-content\/uploads\/2024\/12\/erikujukleebised.jpg","contentUrl":"https:\/\/printshark.ee\/wp-content\/uploads\/2024\/12\/erikujukleebised.jpg","width":1500,"height":1500},{"@type":"BreadcrumbList","@id":"https:\/\/printshark.ee\/fi\/tuote\/erikoismuotoiset-tarrat-suorakulmio-ovaali-kolmio-erikoismuoto\/#breadcrumb","itemListElement":[{"@type":"ListItem","position":1,"name":"Home","item":"https:\/\/printshark.ee\/fi\/"},{"@type":"ListItem","position":2,"name":"Kauppa","item":"https:\/\/printshark.ee\/fi\/kauppa\/"},{"@type":"ListItem","position":3,"name":"Erikoismuotoiset tarrat \u2013 suorakulmio, ovaali, kolmio, erikoismuoto\u2026"}]},{"@type":"WebSite","@id":"https:\/\/printshark.ee\/fi\/#website","url":"https:\/\/printshark.ee\/fi\/","name":"Printshark","description":"Kleebised sinu br&auml;ndile. Kiirelt. Lihtsalt. Personaalselt.","publisher":{"@id":"https:\/\/printshark.ee\/fi\/#organization"},"potentialAction":[{"@type":"SearchAction","target":{"@type":"EntryPoint","urlTemplate":"https:\/\/printshark.ee\/fi\/?s={search_term_string}"},"query-input":{"@type":"PropertyValueSpecification","valueRequired":true,"valueName":"search_term_string"}}],"inLanguage":"fi"},{"@type":"Organization","@id":"https:\/\/printshark.ee\/fi\/#organization","name":"Printshark","url":"https:\/\/printshark.ee\/fi\/","logo":{"@type":"ImageObject","inLanguage":"fi","@id":"https:\/\/printshark.ee\/fi\/#\/schema\/logo\/image\/","url":"https:\/\/printshark.ee\/wp-content\/uploads\/2024\/12\/Printshark_logo.png","contentUrl":"https:\/\/printshark.ee\/wp-content\/uploads\/2024\/12\/Printshark_logo.png","width":1200,"height":393,"caption":"Printshark"},"image":{"@id":"https:\/\/printshark.ee\/fi\/#\/schema\/logo\/image\/"},"sameAs":["https:\/\/www.facebook.com\/printsharkest","https:\/\/www.instagram.com\/printshark.ee\/"]}]}},"_links":{"self":[{"href":"https:\/\/printshark.ee\/fi\/wp-json\/wp\/v2\/product\/31578","targetHints":{"allow":["GET"]}}],"collection":[{"href":"https:\/\/printshark.ee\/fi\/wp-json\/wp\/v2\/product"}],"about":[{"href":"https:\/\/printshark.ee\/fi\/wp-json\/wp\/v2\/types\/product"}],"wp:featuredmedia":[{"embeddable":true,"href":"https:\/\/printshark.ee\/fi\/wp-json\/wp\/v2\/media\/31581"}],"wp:attachment":[{"href":"https:\/\/printshark.ee\/fi\/wp-json\/wp\/v2\/media?parent=31578"}],"wp:term":[{"taxonomy":"product_brand","embeddable":true,"href":"https:\/\/printshark.ee\/fi\/wp-json\/wp\/v2\/product_brand?post=31578"},{"taxonomy":"product_cat","embeddable":true,"href":"https:\/\/printshark.ee\/fi\/wp-json\/wp\/v2\/product_cat?post=31578"},{"taxonomy":"product_tag","embeddable":true,"href":"https:\/\/printshark.ee\/fi\/wp-json\/wp\/v2\/product_tag?post=31578"}],"curies":[{"name":"wp","href":"https:\/\/api.w.org\/{rel}","templated":true}]}}