{"id":31463,"date":"2024-12-14T11:00:53","date_gmt":"2024-12-14T11:00:53","guid":{"rendered":"https:\/\/printshark.ee\/miten-tilata\/"},"modified":"2026-04-02T13:14:13","modified_gmt":"2026-04-02T13:14:13","slug":"miten-tilata","status":"publish","type":"page","link":"https:\/\/printshark.ee\/fi\/miten-tilata\/","title":{"rendered":"Miten tilata?"},"content":{"rendered":"\t\t<div data-elementor-type=\"wp-page\" data-elementor-id=\"31463\" class=\"elementor elementor-31463 elementor-28776\" data-elementor-post-type=\"page\">\n\t\t\t\t\t\t<section class=\"elementor-section elementor-top-section elementor-element elementor-element-c35eb77 elementor-section-boxed elementor-section-height-default elementor-section-height-default sc_fly_static\" data-id=\"c35eb77\" data-element_type=\"section\" data-e-type=\"section\">\n\t\t\t\t\t\t<div class=\"elementor-container elementor-column-gap-extended\">\n\t\t\t\t\t<div class=\"elementor-column elementor-col-100 elementor-top-column elementor-element elementor-element-2c46144 sc_content_align_inherit sc_layouts_column_icons_position_left sc_fly_static\" data-id=\"2c46144\" data-element_type=\"column\" data-e-type=\"column\">\n\t\t\t<div class=\"elementor-widget-wrap elementor-element-populated\">\n\t\t\t\t\t\t<div class=\"elementor-element elementor-element-71a5595 sc_fly_static elementor-widget elementor-widget-text-editor\" data-id=\"71a5595\" data-element_type=\"widget\" data-e-type=\"widget\" data-widget_type=\"text-editor.default\">\n\t\t\t\t<div class=\"elementor-widget-container\">\n\t\t\t\t\t\t\t\t\t<h5>Miten tilata tuotteita?<\/h5><p>printshark.ee Verkkokauppa on avoinna 24h.<br>Valitse tuote, jonka haluat tilata ja lue tuotekuvaus.<br>Lis\u00e4\u00e4 tilaamasi tuote ostoskoriin klikkaamalla &#8221;Lis\u00e4\u00e4 ostoskoriin&#8221; -painiketta.<br>Tilataksesi tuotteita, klikkaa &#8221;ostoskoriin&#8221; -painiketta n\u00e4yt\u00f6n oikeassa reunassa ja valitse &#8221;N\u00e4yt\u00e4 ostoskoria&#8221;. T\u00e4m\u00e4n j\u00e4lkeen avautuu &#8221;Ostoskorin yhteenveto&#8221; -sivu. <br>Tarkista ostoskorin sis\u00e4lt\u00f6 ja varmista, ett\u00e4 tilaamiesi tuotteiden m\u00e4\u00e4r\u00e4t ovat oikein. Voit muuttaa tuotteiden m\u00e4\u00e4r\u00e4\u00e4 painamalla painikkeita &#8221;&gt;&#8221; ja &#8221;&lt;&#8221; vastaavasti tuotteen j\u00e4lkeen.<br>Voit poistaa tuotteita ostoskorista painamalla &#8221;X&#8221;-painiketta. <\/p><h5>Ostoksen tekeminen<\/h5><p>Tilauksen tekeminen ei edellyt\u00e4 rekister\u00f6itymist\u00e4. Kaikkia iQuality O\u00dc:n verkkokaupassa tilausprosessin aikana luovutettuja asiakkaan henkil\u00f6tietoja k\u00e4sitell\u00e4\u00e4n luottamuksellisina tietoina.<br>Valitse tilausta tehdess\u00e4si toimitustapa. Postnordin pakettiautomaatit ovat k\u00e4ytett\u00e4viss\u00e4 oleva toimitustapa.  <\/p><h5>Maksutavat printshark-verkkokaupassa ovat:<\/h5><p>Maksu pankkisiirrolla &#8211; Maksuja v\u00e4litt\u00e4\u00e4 Montonio Finance O\u00dc. Maksu suoritetaan printshark.ee-verkkokaupan ulkopuolella suojatussa ymp\u00e4rist\u00f6ss\u00e4 &#8211; pankkisiirrolla maksettaessa kyseisen pankin suojatussa ymp\u00e4rist\u00f6ss\u00e4. Myyj\u00e4ll\u00e4 ei ole p\u00e4\u00e4sy\u00e4 asiakkaan pankkitietoihin. Sopimus tulee voimaan, kun er\u00e4\u00e4ntynyt summa on saapunut Printshark e-shopin k\u00e4ytt\u00f6tilille.<br>Maksu pankkisiirrolla laskua vastaan &#8211; Lasku ja tarvittavat tiedot l\u00f6ytyv\u00e4t s\u00e4hk\u00f6postiosoitteestasi tilauksen vahvistamisen j\u00e4lkeen.<br>Maksun vastaanottamisen j\u00e4lkeen l\u00e4hetet\u00e4\u00e4n ilmoitus maksun vastaanottamisesta ilmoittamaasi s\u00e4hk\u00f6postiosoitteeseen.<br>Tavara l\u00e4hetet\u00e4\u00e4n mahdollisimman pian maksun vastaanottamisen j\u00e4lkeen ja ilmoitamme sinulle l\u00e4hett\u00e4misest\u00e4 s\u00e4hk\u00f6postitse.   <\/p><h5>Toimitusmenetelm\u00e4t<\/h5><p>Postnord pakettiautomaatti<br>Postnordin pakettiautomaatit maksavat 9,99 \u20ac.<br>Paketti saapuu yleens\u00e4 seuraavana arkip\u00e4iv\u00e4n\u00e4 postituksen j\u00e4lkeen.<br>Saat tekstiviestill\u00e4 ilmoituksen paketin saapumisesta.<br>Postnordin ehdot l\u00f6ytyv\u00e4t osoitteesta: https:\/\/www.postnord.fi\/.<\/p><h5>Tilauksen peruuttaminen<\/h5><p>Sinulla on oikeus peruuttaa tilauksesi, jos sit\u00e4 ei ole valmistettu sinulle. Voit peruuttaa tilauksesi l\u00e4hett\u00e4m\u00e4ll\u00e4 s\u00e4hk\u00f6postia osoitteeseen info@printshark.ee. Peruutamme tilauksesi mahdollisimman pian.  <\/p><h5>Palauttaa menettelyn:<\/h5><p>Jos ostamasi tuotteet ovat viallisia tai eiv\u00e4t vastaa odotuksiasi, l\u00e4het\u00e4 meille s\u00e4hk\u00f6postia 14 p\u00e4iv\u00e4n kuluessa osoitteeseen info@printshark.ee. Tavara palautetaan asiakkaan pankkitilille 7 ty\u00f6p\u00e4iv\u00e4n kuluessa.<br>Peruuttamisoikeus ei koske tavaroita, jotka on valmistettu kuluttajan antamien eritelmien mukaan tai jotka on selv\u00e4sti valmistettu kuluttajan henkil\u00f6kohtaisten tarpeiden mukaan (esim. mittatilausvaatteet tai tuotteet, joissa on henkil\u00f6kohtainen painatus)   <\/p><h5>Korvausvaatimukset<\/h5><p>Kaikki vaateet ratkaistaan neuvottelemalla velvoiteoikeuden mukaisesti. Ongelmatapauksissa ota meihin yhteytt\u00e4. <\/p><h5>Hinnat<\/h5><p>Verkkokaupassa ilmoitettuihin hintoihin ei lis\u00e4t\u00e4 arvonlis\u00e4veroa.<\/p><h5>Asiakastuki<\/h5><p>Asiakaspalvelu on avoinna arkisin klo 09.00 &#8211; 17.00<br>Asiakaspalvelun puhelin: +372 53 450 089<br>Asiakaspalvelun s\u00e4hk\u00f6posti: info@printshark.ee.<\/p>\t\t\t\t\t\t\t\t<\/div>\n\t\t\t\t<\/div>\n\t\t\t\t\t<\/div>\n\t\t<\/div>\n\t\t\t\t\t<\/div>\n\t\t<\/section>\n\t\t\t\t<\/div>\n\t\t","protected":false},"excerpt":{"rendered":"<p>Miten tilata tuotteita? printshark.ee Verkkokauppa on avoinna 24h.Valitse tuote, jonka haluat tilata ja lue tuotekuvaus.Lis\u00e4\u00e4 tilaamasi tuote ostoskoriin klikkaamalla &#8221;Lis\u00e4\u00e4 ostoskoriin&#8221; -painiketta.Tilataksesi tuotteita, klikkaa &#8221;ostoskoriin&#8221; -painiketta n\u00e4yt\u00f6n oikeassa reunassa ja&hellip;<\/p>\n","protected":false},"author":1,"featured_media":0,"parent":0,"menu_order":0,"comment_status":"closed","ping_status":"closed","template":"","meta":{"footnotes":""},"class_list":["post-31463","page","type-page","status-publish","hentry"],"yoast_head":"<!-- This site is optimized with the Yoast SEO plugin v27.3 - https:\/\/yoast.com\/product\/yoast-seo-wordpress\/ -->\n<title>Miten tilata? - Printshark<\/title>\n<meta name=\"robots\" content=\"index, follow, max-snippet:-1, max-image-preview:large, max-video-preview:-1\" \/>\n<link rel=\"canonical\" href=\"https:\/\/printshark.ee\/fi\/miten-tilata\/\" \/>\n<meta property=\"og:locale\" content=\"fi_FI\" \/>\n<meta property=\"og:type\" content=\"article\" \/>\n<meta property=\"og:title\" content=\"Miten tilata? - Printshark\" \/>\n<meta property=\"og:description\" content=\"Miten tilata tuotteita? printshark.ee Verkkokauppa on avoinna 24h.Valitse tuote, jonka haluat tilata ja lue tuotekuvaus.Lis\u00e4\u00e4 tilaamasi tuote ostoskoriin klikkaamalla &#8221;Lis\u00e4\u00e4 ostoskoriin&#8221; -painiketta.Tilataksesi tuotteita, klikkaa &#8221;ostoskoriin&#8221; -painiketta n\u00e4yt\u00f6n oikeassa reunassa ja&hellip;\" \/>\n<meta property=\"og:url\" content=\"https:\/\/printshark.ee\/fi\/miten-tilata\/\" \/>\n<meta property=\"og:site_name\" content=\"Printshark\" \/>\n<meta property=\"article:publisher\" content=\"https:\/\/www.facebook.com\/printsharkest\" \/>\n<meta property=\"article:modified_time\" content=\"2026-04-02T13:14:13+00:00\" \/>\n<meta name=\"twitter:card\" content=\"summary_large_image\" \/>\n<meta name=\"twitter:label1\" content=\"Arvioitu lukuaika\" \/>\n\t<meta name=\"twitter:data1\" content=\"2 minuuttia\" \/>\n<script type=\"application\/ld+json\" class=\"yoast-schema-graph\">{\"@context\":\"https:\\\/\\\/schema.org\",\"@graph\":[{\"@type\":\"WebPage\",\"@id\":\"https:\\\/\\\/printshark.ee\\\/fi\\\/miten-tilata\\\/\",\"url\":\"https:\\\/\\\/printshark.ee\\\/fi\\\/miten-tilata\\\/\",\"name\":\"Miten tilata? - Printshark\",\"isPartOf\":{\"@id\":\"https:\\\/\\\/printshark.ee\\\/fi\\\/#website\"},\"datePublished\":\"2024-12-14T11:00:53+00:00\",\"dateModified\":\"2026-04-02T13:14:13+00:00\",\"breadcrumb\":{\"@id\":\"https:\\\/\\\/printshark.ee\\\/fi\\\/miten-tilata\\\/#breadcrumb\"},\"inLanguage\":\"fi\",\"potentialAction\":[{\"@type\":\"ReadAction\",\"target\":[\"https:\\\/\\\/printshark.ee\\\/fi\\\/miten-tilata\\\/\"]}]},{\"@type\":\"BreadcrumbList\",\"@id\":\"https:\\\/\\\/printshark.ee\\\/fi\\\/miten-tilata\\\/#breadcrumb\",\"itemListElement\":[{\"@type\":\"ListItem\",\"position\":1,\"name\":\"Home\",\"item\":\"https:\\\/\\\/printshark.ee\\\/fi\\\/\"},{\"@type\":\"ListItem\",\"position\":2,\"name\":\"Miten tilata?\"}]},{\"@type\":\"WebSite\",\"@id\":\"https:\\\/\\\/printshark.ee\\\/fi\\\/#website\",\"url\":\"https:\\\/\\\/printshark.ee\\\/fi\\\/\",\"name\":\"Printshark\",\"description\":\"Kleebised sinu br&auml;ndile. Kiirelt. Lihtsalt. Personaalselt.\",\"publisher\":{\"@id\":\"https:\\\/\\\/printshark.ee\\\/fi\\\/#organization\"},\"potentialAction\":[{\"@type\":\"SearchAction\",\"target\":{\"@type\":\"EntryPoint\",\"urlTemplate\":\"https:\\\/\\\/printshark.ee\\\/fi\\\/?s={search_term_string}\"},\"query-input\":{\"@type\":\"PropertyValueSpecification\",\"valueRequired\":true,\"valueName\":\"search_term_string\"}}],\"inLanguage\":\"fi\"},{\"@type\":\"Organization\",\"@id\":\"https:\\\/\\\/printshark.ee\\\/fi\\\/#organization\",\"name\":\"Printshark\",\"url\":\"https:\\\/\\\/printshark.ee\\\/fi\\\/\",\"logo\":{\"@type\":\"ImageObject\",\"inLanguage\":\"fi\",\"@id\":\"https:\\\/\\\/printshark.ee\\\/fi\\\/#\\\/schema\\\/logo\\\/image\\\/\",\"url\":\"https:\\\/\\\/printshark.ee\\\/wp-content\\\/uploads\\\/2024\\\/12\\\/Printshark_logo.png\",\"contentUrl\":\"https:\\\/\\\/printshark.ee\\\/wp-content\\\/uploads\\\/2024\\\/12\\\/Printshark_logo.png\",\"width\":1200,\"height\":393,\"caption\":\"Printshark\"},\"image\":{\"@id\":\"https:\\\/\\\/printshark.ee\\\/fi\\\/#\\\/schema\\\/logo\\\/image\\\/\"},\"sameAs\":[\"https:\\\/\\\/www.facebook.com\\\/printsharkest\",\"https:\\\/\\\/www.instagram.com\\\/printshark.ee\\\/\"]}]}<\/script>\n<!-- \/ Yoast SEO plugin. -->","yoast_head_json":{"title":"Miten tilata? - Printshark","robots":{"index":"index","follow":"follow","max-snippet":"max-snippet:-1","max-image-preview":"max-image-preview:large","max-video-preview":"max-video-preview:-1"},"canonical":"https:\/\/printshark.ee\/fi\/miten-tilata\/","og_locale":"fi_FI","og_type":"article","og_title":"Miten tilata? - Printshark","og_description":"Miten tilata tuotteita? printshark.ee Verkkokauppa on avoinna 24h.Valitse tuote, jonka haluat tilata ja lue tuotekuvaus.Lis\u00e4\u00e4 tilaamasi tuote ostoskoriin klikkaamalla &#8221;Lis\u00e4\u00e4 ostoskoriin&#8221; -painiketta.Tilataksesi tuotteita, klikkaa &#8221;ostoskoriin&#8221; -painiketta n\u00e4yt\u00f6n oikeassa reunassa ja&hellip;","og_url":"https:\/\/printshark.ee\/fi\/miten-tilata\/","og_site_name":"Printshark","article_publisher":"https:\/\/www.facebook.com\/printsharkest","article_modified_time":"2026-04-02T13:14:13+00:00","twitter_card":"summary_large_image","twitter_misc":{"Arvioitu lukuaika":"2 minuuttia"},"schema":{"@context":"https:\/\/schema.org","@graph":[{"@type":"WebPage","@id":"https:\/\/printshark.ee\/fi\/miten-tilata\/","url":"https:\/\/printshark.ee\/fi\/miten-tilata\/","name":"Miten tilata? - Printshark","isPartOf":{"@id":"https:\/\/printshark.ee\/fi\/#website"},"datePublished":"2024-12-14T11:00:53+00:00","dateModified":"2026-04-02T13:14:13+00:00","breadcrumb":{"@id":"https:\/\/printshark.ee\/fi\/miten-tilata\/#breadcrumb"},"inLanguage":"fi","potentialAction":[{"@type":"ReadAction","target":["https:\/\/printshark.ee\/fi\/miten-tilata\/"]}]},{"@type":"BreadcrumbList","@id":"https:\/\/printshark.ee\/fi\/miten-tilata\/#breadcrumb","itemListElement":[{"@type":"ListItem","position":1,"name":"Home","item":"https:\/\/printshark.ee\/fi\/"},{"@type":"ListItem","position":2,"name":"Miten tilata?"}]},{"@type":"WebSite","@id":"https:\/\/printshark.ee\/fi\/#website","url":"https:\/\/printshark.ee\/fi\/","name":"Printshark","description":"Kleebised sinu br&auml;ndile. Kiirelt. Lihtsalt. Personaalselt.","publisher":{"@id":"https:\/\/printshark.ee\/fi\/#organization"},"potentialAction":[{"@type":"SearchAction","target":{"@type":"EntryPoint","urlTemplate":"https:\/\/printshark.ee\/fi\/?s={search_term_string}"},"query-input":{"@type":"PropertyValueSpecification","valueRequired":true,"valueName":"search_term_string"}}],"inLanguage":"fi"},{"@type":"Organization","@id":"https:\/\/printshark.ee\/fi\/#organization","name":"Printshark","url":"https:\/\/printshark.ee\/fi\/","logo":{"@type":"ImageObject","inLanguage":"fi","@id":"https:\/\/printshark.ee\/fi\/#\/schema\/logo\/image\/","url":"https:\/\/printshark.ee\/wp-content\/uploads\/2024\/12\/Printshark_logo.png","contentUrl":"https:\/\/printshark.ee\/wp-content\/uploads\/2024\/12\/Printshark_logo.png","width":1200,"height":393,"caption":"Printshark"},"image":{"@id":"https:\/\/printshark.ee\/fi\/#\/schema\/logo\/image\/"},"sameAs":["https:\/\/www.facebook.com\/printsharkest","https:\/\/www.instagram.com\/printshark.ee\/"]}]}},"_links":{"self":[{"href":"https:\/\/printshark.ee\/fi\/wp-json\/wp\/v2\/pages\/31463","targetHints":{"allow":["GET"]}}],"collection":[{"href":"https:\/\/printshark.ee\/fi\/wp-json\/wp\/v2\/pages"}],"about":[{"href":"https:\/\/printshark.ee\/fi\/wp-json\/wp\/v2\/types\/page"}],"author":[{"embeddable":true,"href":"https:\/\/printshark.ee\/fi\/wp-json\/wp\/v2\/users\/1"}],"replies":[{"embeddable":true,"href":"https:\/\/printshark.ee\/fi\/wp-json\/wp\/v2\/comments?post=31463"}],"version-history":[{"count":1,"href":"https:\/\/printshark.ee\/fi\/wp-json\/wp\/v2\/pages\/31463\/revisions"}],"predecessor-version":[{"id":31464,"href":"https:\/\/printshark.ee\/fi\/wp-json\/wp\/v2\/pages\/31463\/revisions\/31464"}],"wp:attachment":[{"href":"https:\/\/printshark.ee\/fi\/wp-json\/wp\/v2\/media?parent=31463"}],"curies":[{"name":"wp","href":"https:\/\/api.w.org\/{rel}","templated":true}]}}