{"id":31459,"date":"2023-11-09T17:26:30","date_gmt":"2023-11-09T17:26:30","guid":{"rendered":"https:\/\/printshark.ee\/yhteystiedot\/"},"modified":"2026-04-03T12:40:37","modified_gmt":"2026-04-03T12:40:37","slug":"yhteystiedot","status":"publish","type":"page","link":"https:\/\/printshark.ee\/fi\/yhteystiedot\/","title":{"rendered":"Yhteystiedot"},"content":{"rendered":"\t\t<div data-elementor-type=\"wp-page\" data-elementor-id=\"31459\" class=\"elementor elementor-31459 elementor-20274\" data-elementor-post-type=\"page\">\n\t\t\t\t\t\t<section class=\"elementor-section elementor-top-section elementor-element elementor-element-426e9308 elementor-section-boxed elementor-section-height-default elementor-section-height-default sc_fly_static\" data-id=\"426e9308\" data-element_type=\"section\" data-e-type=\"section\">\n\t\t\t\t\t\t<div class=\"elementor-container elementor-column-gap-no\">\n\t\t\t\t\t<div class=\"elementor-column elementor-col-100 elementor-top-column elementor-element elementor-element-78c54d09 sc_content_align_inherit sc_layouts_column_icons_position_left sc_fly_static\" data-id=\"78c54d09\" data-element_type=\"column\" data-e-type=\"column\">\n\t\t\t<div class=\"elementor-widget-wrap elementor-element-populated\">\n\t\t\t\t\t\t<div class=\"elementor-element elementor-element-504ad658 sc_height_huge sc_fly_static elementor-widget elementor-widget-spacer\" data-id=\"504ad658\" data-element_type=\"widget\" data-e-type=\"widget\" data-widget_type=\"spacer.default\">\n\t\t\t\t<div class=\"elementor-widget-container\">\n\t\t\t\t\t\t\t<div class=\"elementor-spacer\">\n\t\t\t<div class=\"elementor-spacer-inner\"><\/div>\n\t\t<\/div>\n\t\t\t\t\t\t<\/div>\n\t\t\t\t<\/div>\n\t\t\t\t<div class=\"elementor-element elementor-element-28f34089 sc_fly_static elementor-widget elementor-widget-trx_sc_title\" data-id=\"28f34089\" data-element_type=\"widget\" data-e-type=\"widget\" data-widget_type=\"trx_sc_title.default\">\n\t\t\t\t<div class=\"elementor-widget-container\">\n\t\t\t\t\t<div\t\tclass=\"sc_title sc_title_default\" ><h1 class=\"sc_item_title sc_title_title sc_align_center sc_item_title_style_default sc_item_title_tag\"\n\t\t\t><span class=\"sc_item_title_text\">Onko sinulla kysymyksi\u00e4? Ota yhteytt\u00e4! <\/span><\/h1><\/div>\t\t\t\t<\/div>\n\t\t\t\t<\/div>\n\t\t\t\t<div class=\"elementor-element elementor-element-b56c6f5 sc_fly_static elementor-widget elementor-widget-spacer\" data-id=\"b56c6f5\" data-element_type=\"widget\" data-e-type=\"widget\" data-widget_type=\"spacer.default\">\n\t\t\t\t<div class=\"elementor-widget-container\">\n\t\t\t\t\t\t\t<div class=\"elementor-spacer\">\n\t\t\t<div class=\"elementor-spacer-inner\"><\/div>\n\t\t<\/div>\n\t\t\t\t\t\t<\/div>\n\t\t\t\t<\/div>\n\t\t\t\t<div class=\"elementor-element elementor-element-faad273 elementor-align-center elementor-icon-list--layout-traditional elementor-list-item-link-full_width sc_fly_static elementor-widget elementor-widget-icon-list\" data-id=\"faad273\" data-element_type=\"widget\" data-e-type=\"widget\" data-widget_type=\"icon-list.default\">\n\t\t\t\t<div class=\"elementor-widget-container\">\n\t\t\t\t\t\t\t<ul class=\"elementor-icon-list-items\">\n\t\t\t\t\t\t\t<li class=\"elementor-icon-list-item\">\n\t\t\t\t\t\t\t\t\t\t\t<span class=\"elementor-icon-list-icon\">\n\t\t\t\t\t\t\t<i aria-hidden=\"true\" class=\"fas fa-check\"><\/i>\t\t\t\t\t\t<\/span>\n\t\t\t\t\t\t\t\t\t\t<span class=\"elementor-icon-list-text\">Sinun ei tarvitse tuntea painoteknisi\u00e4 termej\u00e4.<\/span>\n\t\t\t\t\t\t\t\t\t<\/li>\n\t\t\t\t\t\t\t\t<li class=\"elementor-icon-list-item\">\n\t\t\t\t\t\t\t\t\t\t\t<span class=\"elementor-icon-list-icon\">\n\t\t\t\t\t\t\t<i aria-hidden=\"true\" class=\"fas fa-check\"><\/i>\t\t\t\t\t\t<\/span>\n\t\t\t\t\t\t\t\t\t\t<span class=\"elementor-icon-list-text\">Sinun ei tarvitse huolehtia, onko tiedosto \u201coikea\u201d.<\/span>\n\t\t\t\t\t\t\t\t\t<\/li>\n\t\t\t\t\t\t<\/ul>\n\t\t\t\t\t\t<\/div>\n\t\t\t\t<\/div>\n\t\t\t\t<div class=\"elementor-element elementor-element-59a57ce sc_fly_static elementor-widget elementor-widget-spacer\" data-id=\"59a57ce\" data-element_type=\"widget\" data-e-type=\"widget\" data-widget_type=\"spacer.default\">\n\t\t\t\t<div class=\"elementor-widget-container\">\n\t\t\t\t\t\t\t<div class=\"elementor-spacer\">\n\t\t\t<div class=\"elementor-spacer-inner\"><\/div>\n\t\t<\/div>\n\t\t\t\t\t\t<\/div>\n\t\t\t\t<\/div>\n\t\t\t\t<div class=\"elementor-element elementor-element-2e58afc elementor-headline--style-highlight sc_fly_static elementor-widget elementor-widget-animated-headline\" data-id=\"2e58afc\" data-element_type=\"widget\" data-e-type=\"widget\" data-settings=\"{&quot;highlighted_text&quot;:&quot;ja hoidamme homman.&quot;,&quot;marker&quot;:&quot;underline_zigzag&quot;,&quot;highlight_animation_duration&quot;:2200,&quot;headline_style&quot;:&quot;highlight&quot;,&quot;loop&quot;:&quot;yes&quot;,&quot;highlight_iteration_delay&quot;:8000}\" data-widget_type=\"animated-headline.default\">\n\t\t\t\t<div class=\"elementor-widget-container\">\n\t\t\t\t\t\t\t<span class=\"elementor-headline\">\n\t\t\t\t\t<span class=\"elementor-headline-plain-text elementor-headline-text-wrapper\">Me ajattelemme kanssasi <\/span>\n\t\t\t\t<span class=\"elementor-headline-dynamic-wrapper elementor-headline-text-wrapper\">\n\t\t\t\t\t<span class=\"elementor-headline-dynamic-text elementor-headline-text-active\">ja hoidamme homman.<\/span>\n\t\t\t\t<\/span>\n\t\t\t\t<\/span>\n\t\t\t\t\t\t<\/div>\n\t\t\t\t<\/div>\n\t\t\t\t<div class=\"elementor-element elementor-element-05bc33a sc_fly_static elementor-widget elementor-widget-spacer\" data-id=\"05bc33a\" data-element_type=\"widget\" data-e-type=\"widget\" data-widget_type=\"spacer.default\">\n\t\t\t\t<div class=\"elementor-widget-container\">\n\t\t\t\t\t\t\t<div class=\"elementor-spacer\">\n\t\t\t<div class=\"elementor-spacer-inner\"><\/div>\n\t\t<\/div>\n\t\t\t\t\t\t<\/div>\n\t\t\t\t<\/div>\n\t\t\t\t\t<\/div>\n\t\t<\/div>\n\t\t\t\t\t<\/div>\n\t\t<\/section>\n\t\t\t\t<section class=\"elementor-section elementor-top-section elementor-element elementor-element-08775f4 elementor-section-boxed elementor-section-height-default elementor-section-height-default sc_fly_static\" data-id=\"08775f4\" data-element_type=\"section\" data-e-type=\"section\">\n\t\t\t\t\t\t<div class=\"elementor-container elementor-column-gap-extended\">\n\t\t\t\t\t<div class=\"elementor-column elementor-col-33 elementor-top-column elementor-element elementor-element-7cd611e sc_content_align_inherit sc_layouts_column_icons_position_left sc_fly_static\" data-id=\"7cd611e\" data-element_type=\"column\" data-e-type=\"column\">\n\t\t\t<div class=\"elementor-widget-wrap elementor-element-populated\">\n\t\t\t\t\t\t<div class=\"elementor-element elementor-element-132cc4c sc_fly_static elementor-widget elementor-widget-image\" data-id=\"132cc4c\" data-element_type=\"widget\" data-e-type=\"widget\" data-widget_type=\"image.default\">\n\t\t\t\t<div class=\"elementor-widget-container\">\n\t\t\t\t\t\t\t\t\t\t\t\t\t\t\t<img decoding=\"async\" src=\"https:\/\/printshark.ee\/wp-content\/uploads\/2026\/02\/kleepsukunn.png\" title=\"kleepsukunn\" alt=\"kleepsukunn\" loading=\"lazy\" \/>\t\t\t\t\t\t\t\t\t\t\t\t\t\t\t<\/div>\n\t\t\t\t<\/div>\n\t\t\t\t\t<\/div>\n\t\t<\/div>\n\t\t\t\t<div class=\"elementor-column elementor-col-33 elementor-top-column elementor-element elementor-element-1df97b3 sc_content_align_inherit sc_layouts_column_icons_position_left sc_fly_static\" data-id=\"1df97b3\" data-element_type=\"column\" data-e-type=\"column\">\n\t\t\t<div class=\"elementor-widget-wrap elementor-element-populated\">\n\t\t\t\t\t\t<div class=\"elementor-element elementor-element-43a0298 elementor-widget__width-initial sc_fly_static elementor-widget elementor-widget-spacer\" data-id=\"43a0298\" data-element_type=\"widget\" data-e-type=\"widget\" data-widget_type=\"spacer.default\">\n\t\t\t\t<div class=\"elementor-widget-container\">\n\t\t\t\t\t\t\t<div class=\"elementor-spacer\">\n\t\t\t<div class=\"elementor-spacer-inner\"><\/div>\n\t\t<\/div>\n\t\t\t\t\t\t<\/div>\n\t\t\t\t<\/div>\n\t\t\t\t<div class=\"elementor-element elementor-element-a0c5faf elementor-widget__width-initial sc_fly_static elementor-widget elementor-widget-spacer\" data-id=\"a0c5faf\" data-element_type=\"widget\" data-e-type=\"widget\" data-widget_type=\"spacer.default\">\n\t\t\t\t<div class=\"elementor-widget-container\">\n\t\t\t\t\t\t\t<div class=\"elementor-spacer\">\n\t\t\t<div class=\"elementor-spacer-inner\"><\/div>\n\t\t<\/div>\n\t\t\t\t\t\t<\/div>\n\t\t\t\t<\/div>\n\t\t\t\t<div class=\"elementor-element elementor-element-afe8f0d elementor-widget__width-initial sc_fly_static elementor-widget elementor-widget-trx_sc_icons\" data-id=\"afe8f0d\" data-element_type=\"widget\" data-e-type=\"widget\" data-widget_type=\"trx_sc_icons.default\">\n\t\t\t\t<div class=\"elementor-widget-container\">\n\t\t\t\t\t<div \tclass=\"sc_icons sc_icons_simple sc_icons_size_small sc_align_none\" ><div class=\"sc_icons_item with_more\"><div class=\"sc_icons_icon sc_icon_type_ icon-book-open\" style=\"color: #F18CC4\" ><span class=\"sc_icon_type_ icon-book-open\" style=\"color: #F18CC4\"><\/span><\/div><div class=\"sc_icons_item_details\"><h4 class=\"sc_icons_item_title\"><span>Koit Nagel<\/span><\/h4><\/div><\/div><div class=\"sc_icons_item sc_icons_item_linked with_more\"><div class=\"sc_icons_icon sc_icon_type_ icon-iphone\" style=\"color: #F18CC4\" ><span class=\"sc_icon_type_ icon-iphone\" style=\"color: #F18CC4\"><\/span><\/div><div class=\"sc_icons_item_details\"><a href=\"tel:+37253450089\" class=\"sc_icons_item_more_link\">\r\n                        <span class=\"link_text\">+37253450089<\/span><span class=\"link_icon\"><\/span>\r\n                        <\/a><a href=\"tel:+37253450089\"\r\n                        class=\"sc_icons_item_link\">\r\n                        <\/a><\/div><\/div><div class=\"sc_icons_item with_more\"><div class=\"sc_icons_icon sc_icon_type_ icon-envelope-2\" style=\"color: #F18CC4\" ><span class=\"sc_icon_type_ icon-envelope-2\" style=\"color: #F18CC4\"><\/span><\/div><div class=\"sc_icons_item_details\"><div class=\"sc_icons_item_description\"><span><a href=\"mailto:koit@printshark.ee\">koit@printshark.ee<\/a><\/span><\/div><\/div><\/div><div class=\"sc_icons_item with_more\"><div class=\"sc_icons_icon sc_icon_type_ icon-location-2\" style=\"color: #F18CC4\" ><span class=\"sc_icon_type_ icon-location-2\" style=\"color: #F18CC4\"><\/span><\/div><div class=\"sc_icons_item_details\"><div class=\"sc_icons_item_description\"><span>Viro<\/span><\/div><\/div><\/div><\/div><!-- \/.sc_icons -->\t\t\t\t<\/div>\n\t\t\t\t<\/div>\n\t\t\t\t\t<\/div>\n\t\t<\/div>\n\t\t\t\t<div class=\"elementor-column elementor-col-33 elementor-top-column elementor-element elementor-element-6069ee9 sc_content_align_inherit sc_layouts_column_icons_position_left sc_fly_static\" data-id=\"6069ee9\" data-element_type=\"column\" data-e-type=\"column\">\n\t\t\t<div class=\"elementor-widget-wrap elementor-element-populated\">\n\t\t\t\t\t\t<div class=\"elementor-element elementor-element-ee4c908 sc_fly_static elementor-widget elementor-widget-spacer\" data-id=\"ee4c908\" data-element_type=\"widget\" data-e-type=\"widget\" data-widget_type=\"spacer.default\">\n\t\t\t\t<div class=\"elementor-widget-container\">\n\t\t\t\t\t\t\t<div class=\"elementor-spacer\">\n\t\t\t<div class=\"elementor-spacer-inner\"><\/div>\n\t\t<\/div>\n\t\t\t\t\t\t<\/div>\n\t\t\t\t<\/div>\n\t\t\t\t<div class=\"elementor-element elementor-element-c938b87 sc_fly_static elementor-widget elementor-widget-trx_sc_contact_form_7\" data-id=\"c938b87\" data-element_type=\"widget\" data-e-type=\"widget\" data-widget_type=\"trx_sc_contact_form_7.default\">\n\t\t\t\t<div class=\"elementor-widget-container\">\n\t\t\t\t\t\n<div class=\"wpcf7 no-js\" id=\"wpcf7-f28943-o1\" lang=\"en-US\" dir=\"ltr\" data-wpcf7-id=\"28943\">\n<div class=\"screen-reader-response\"><p role=\"status\" aria-live=\"polite\" aria-atomic=\"true\"><\/p> <ul><\/ul><\/div>\n<form action=\"\/fi\/wp-json\/wp\/v2\/pages\/31459#wpcf7-f28943-o1\" method=\"post\" class=\"wpcf7-form init\" aria-label=\"Contact form\" novalidate=\"novalidate\" data-status=\"init\">\n<fieldset class=\"hidden-fields-container\"><input type=\"hidden\" name=\"_wpcf7\" value=\"28943\" \/><input type=\"hidden\" name=\"_wpcf7_version\" value=\"6.1.5\" \/><input type=\"hidden\" name=\"_wpcf7_locale\" value=\"en_US\" \/><input type=\"hidden\" name=\"_wpcf7_unit_tag\" value=\"wpcf7-f28943-o1\" \/><input type=\"hidden\" name=\"_wpcf7_container_post\" value=\"0\" \/><input type=\"hidden\" name=\"_wpcf7_posted_data_hash\" value=\"\" \/>\n<\/fieldset>\n<div class=\"form-style-4\">\n\t<div class=\"columns_wrap\">\n\t\t<div class=\"column-1_2\">\n\t\t\t<p><span class=\"style-icon icon-name\"><span class=\"wpcf7-form-control-wrap\" data-name=\"your-name\"><input size=\"40\" maxlength=\"400\" class=\"wpcf7-form-control wpcf7-text wpcf7-validates-as-required\" aria-required=\"true\" aria-invalid=\"false\" placeholder=\"Nimi\" value=\"\" type=\"text\" name=\"your-name\" \/><\/span><\/span>\n\t\t\t<\/p>\n\t\t<\/div>\n\t\t<div class=\"column-1_2\">\n\t\t\t<p><span class=\"style-icon icon-email\"><span class=\"wpcf7-form-control-wrap\" data-name=\"your-email\"><input size=\"40\" maxlength=\"400\" class=\"wpcf7-form-control wpcf7-email wpcf7-validates-as-required wpcf7-text wpcf7-validates-as-email\" aria-required=\"true\" aria-invalid=\"false\" placeholder=\"S\u00e4hk\u00f6postiosoite\" value=\"\" type=\"email\" name=\"your-email\" \/><\/span><\/span>\n\t\t\t<\/p>\n\t\t<\/div>\n\t<\/div>\n\t<div class=\"columns_wrap margin-bottom\">\n\t\t<div class=\"column-1_1\">\n\t\t\t<p><span class=\"style-icon icon-textarea\"><span class=\"wpcf7-form-control-wrap\" data-name=\"your-message\"><textarea cols=\"40\" rows=\"10\" maxlength=\"2000\" class=\"wpcf7-form-control wpcf7-textarea wpcf7-validates-as-required\" aria-required=\"true\" aria-invalid=\"false\" placeholder=\"Kerro tarrojesi koko, m\u00e4\u00e4r\u00e4 ja k\u00e4ytt\u00f6tarkoitus. Saat tarjouksen nopeasti.\" name=\"your-message\"><\/textarea><\/span><\/span>\n\t\t\t<\/p>\n\t\t<\/div>\n\t<\/div>\n\t<p><input class=\"wpcf7-form-control wpcf7-submit has-spinner\" type=\"submit\" value=\"L\u00e4het\u00e4\" \/>\n\t<\/p>\n<\/div><p style=\"display: none !important;\" class=\"akismet-fields-container\" data-prefix=\"_wpcf7_ak_\"><label>&#916;<textarea name=\"_wpcf7_ak_hp_textarea\" cols=\"45\" rows=\"8\" maxlength=\"100\"><\/textarea><\/label><input type=\"hidden\" id=\"ak_js_1\" name=\"_wpcf7_ak_js\" value=\"218\"\/><script>document.getElementById( \"ak_js_1\" ).setAttribute( \"value\", ( new Date() ).getTime() );<\/script><\/p><div class=\"wpcf7-response-output\" aria-hidden=\"true\"><\/div>\n<\/form>\n<\/div>\n\t\t\t\t<\/div>\n\t\t\t\t<\/div>\n\t\t\t\t\t<\/div>\n\t\t<\/div>\n\t\t\t\t\t<\/div>\n\t\t<\/section>\n\t\t\t\t<\/div>\n\t\t","protected":false},"excerpt":{"rendered":"<p>Onko sinulla kysymyksi\u00e4? Ota yhteytt\u00e4! Sinun ei tarvitse tuntea painoteknisi\u00e4 termej\u00e4. Sinun ei tarvitse huolehtia, onko tiedosto \u201coikea\u201d. Me ajattelemme kanssasi ja hoidamme homman. Koit Nagel +37253450089 koit@printshark.eeViro &#916;<\/p>\n","protected":false},"author":1,"featured_media":0,"parent":0,"menu_order":0,"comment_status":"closed","ping_status":"closed","template":"","meta":{"footnotes":""},"class_list":["post-31459","page","type-page","status-publish","hentry"],"yoast_head":"<!-- This site is optimized with the Yoast SEO plugin v27.3 - https:\/\/yoast.com\/product\/yoast-seo-wordpress\/ -->\n<title>Yhteystiedot - Printshark<\/title>\n<meta name=\"robots\" content=\"index, follow, max-snippet:-1, max-image-preview:large, max-video-preview:-1\" \/>\n<link rel=\"canonical\" href=\"https:\/\/printshark.ee\/fi\/yhteystiedot\/\" \/>\n<meta property=\"og:locale\" content=\"fi_FI\" \/>\n<meta property=\"og:type\" content=\"article\" \/>\n<meta property=\"og:title\" content=\"Yhteystiedot - Printshark\" \/>\n<meta property=\"og:description\" content=\"Onko sinulla kysymyksi\u00e4? Ota yhteytt\u00e4! Sinun ei tarvitse tuntea painoteknisi\u00e4 termej\u00e4. Sinun ei tarvitse huolehtia, onko tiedosto \u201coikea\u201d. Me ajattelemme kanssasi ja hoidamme homman. Koit Nagel +37253450089 koit@printshark.eeViro &#916;\" \/>\n<meta property=\"og:url\" content=\"https:\/\/printshark.ee\/fi\/yhteystiedot\/\" \/>\n<meta property=\"og:site_name\" content=\"Printshark\" \/>\n<meta property=\"article:publisher\" content=\"https:\/\/www.facebook.com\/printsharkest\" \/>\n<meta property=\"article:modified_time\" content=\"2026-04-03T12:40:37+00:00\" \/>\n<meta property=\"og:image\" content=\"https:\/\/printshark.ee\/wp-content\/uploads\/2026\/02\/kleepsukunn.png\" \/>\n<meta name=\"twitter:card\" content=\"summary_large_image\" \/>\n<meta name=\"twitter:label1\" content=\"Arvioitu lukuaika\" \/>\n\t<meta name=\"twitter:data1\" content=\"1 minuutti\" \/>\n<script type=\"application\/ld+json\" class=\"yoast-schema-graph\">{\"@context\":\"https:\\\/\\\/schema.org\",\"@graph\":[{\"@type\":\"WebPage\",\"@id\":\"https:\\\/\\\/printshark.ee\\\/fi\\\/yhteystiedot\\\/\",\"url\":\"https:\\\/\\\/printshark.ee\\\/fi\\\/yhteystiedot\\\/\",\"name\":\"Yhteystiedot - Printshark\",\"isPartOf\":{\"@id\":\"https:\\\/\\\/printshark.ee\\\/fi\\\/#website\"},\"primaryImageOfPage\":{\"@id\":\"https:\\\/\\\/printshark.ee\\\/fi\\\/yhteystiedot\\\/#primaryimage\"},\"image\":{\"@id\":\"https:\\\/\\\/printshark.ee\\\/fi\\\/yhteystiedot\\\/#primaryimage\"},\"thumbnailUrl\":\"https:\\\/\\\/printshark.ee\\\/wp-content\\\/uploads\\\/2026\\\/02\\\/kleepsukunn.png\",\"datePublished\":\"2023-11-09T17:26:30+00:00\",\"dateModified\":\"2026-04-03T12:40:37+00:00\",\"breadcrumb\":{\"@id\":\"https:\\\/\\\/printshark.ee\\\/fi\\\/yhteystiedot\\\/#breadcrumb\"},\"inLanguage\":\"fi\",\"potentialAction\":[{\"@type\":\"ReadAction\",\"target\":[\"https:\\\/\\\/printshark.ee\\\/fi\\\/yhteystiedot\\\/\"]}]},{\"@type\":\"ImageObject\",\"inLanguage\":\"fi\",\"@id\":\"https:\\\/\\\/printshark.ee\\\/fi\\\/yhteystiedot\\\/#primaryimage\",\"url\":\"https:\\\/\\\/printshark.ee\\\/wp-content\\\/uploads\\\/2026\\\/02\\\/kleepsukunn.png\",\"contentUrl\":\"https:\\\/\\\/printshark.ee\\\/wp-content\\\/uploads\\\/2026\\\/02\\\/kleepsukunn.png\"},{\"@type\":\"BreadcrumbList\",\"@id\":\"https:\\\/\\\/printshark.ee\\\/fi\\\/yhteystiedot\\\/#breadcrumb\",\"itemListElement\":[{\"@type\":\"ListItem\",\"position\":1,\"name\":\"Home\",\"item\":\"https:\\\/\\\/printshark.ee\\\/fi\\\/\"},{\"@type\":\"ListItem\",\"position\":2,\"name\":\"Yhteystiedot\"}]},{\"@type\":\"WebSite\",\"@id\":\"https:\\\/\\\/printshark.ee\\\/fi\\\/#website\",\"url\":\"https:\\\/\\\/printshark.ee\\\/fi\\\/\",\"name\":\"Printshark\",\"description\":\"Kleebised sinu br&auml;ndile. Kiirelt. Lihtsalt. Personaalselt.\",\"publisher\":{\"@id\":\"https:\\\/\\\/printshark.ee\\\/fi\\\/#organization\"},\"potentialAction\":[{\"@type\":\"SearchAction\",\"target\":{\"@type\":\"EntryPoint\",\"urlTemplate\":\"https:\\\/\\\/printshark.ee\\\/fi\\\/?s={search_term_string}\"},\"query-input\":{\"@type\":\"PropertyValueSpecification\",\"valueRequired\":true,\"valueName\":\"search_term_string\"}}],\"inLanguage\":\"fi\"},{\"@type\":\"Organization\",\"@id\":\"https:\\\/\\\/printshark.ee\\\/fi\\\/#organization\",\"name\":\"Printshark\",\"url\":\"https:\\\/\\\/printshark.ee\\\/fi\\\/\",\"logo\":{\"@type\":\"ImageObject\",\"inLanguage\":\"fi\",\"@id\":\"https:\\\/\\\/printshark.ee\\\/fi\\\/#\\\/schema\\\/logo\\\/image\\\/\",\"url\":\"https:\\\/\\\/printshark.ee\\\/wp-content\\\/uploads\\\/2024\\\/12\\\/Printshark_logo.png\",\"contentUrl\":\"https:\\\/\\\/printshark.ee\\\/wp-content\\\/uploads\\\/2024\\\/12\\\/Printshark_logo.png\",\"width\":1200,\"height\":393,\"caption\":\"Printshark\"},\"image\":{\"@id\":\"https:\\\/\\\/printshark.ee\\\/fi\\\/#\\\/schema\\\/logo\\\/image\\\/\"},\"sameAs\":[\"https:\\\/\\\/www.facebook.com\\\/printsharkest\",\"https:\\\/\\\/www.instagram.com\\\/printshark.ee\\\/\"]}]}<\/script>\n<!-- \/ Yoast SEO plugin. -->","yoast_head_json":{"title":"Yhteystiedot - Printshark","robots":{"index":"index","follow":"follow","max-snippet":"max-snippet:-1","max-image-preview":"max-image-preview:large","max-video-preview":"max-video-preview:-1"},"canonical":"https:\/\/printshark.ee\/fi\/yhteystiedot\/","og_locale":"fi_FI","og_type":"article","og_title":"Yhteystiedot - Printshark","og_description":"Onko sinulla kysymyksi\u00e4? Ota yhteytt\u00e4! Sinun ei tarvitse tuntea painoteknisi\u00e4 termej\u00e4. Sinun ei tarvitse huolehtia, onko tiedosto \u201coikea\u201d. Me ajattelemme kanssasi ja hoidamme homman. Koit Nagel +37253450089 koit@printshark.eeViro &#916;","og_url":"https:\/\/printshark.ee\/fi\/yhteystiedot\/","og_site_name":"Printshark","article_publisher":"https:\/\/www.facebook.com\/printsharkest","article_modified_time":"2026-04-03T12:40:37+00:00","og_image":[{"url":"https:\/\/printshark.ee\/wp-content\/uploads\/2026\/02\/kleepsukunn.png","type":"","width":"","height":""}],"twitter_card":"summary_large_image","twitter_misc":{"Arvioitu lukuaika":"1 minuutti"},"schema":{"@context":"https:\/\/schema.org","@graph":[{"@type":"WebPage","@id":"https:\/\/printshark.ee\/fi\/yhteystiedot\/","url":"https:\/\/printshark.ee\/fi\/yhteystiedot\/","name":"Yhteystiedot - Printshark","isPartOf":{"@id":"https:\/\/printshark.ee\/fi\/#website"},"primaryImageOfPage":{"@id":"https:\/\/printshark.ee\/fi\/yhteystiedot\/#primaryimage"},"image":{"@id":"https:\/\/printshark.ee\/fi\/yhteystiedot\/#primaryimage"},"thumbnailUrl":"https:\/\/printshark.ee\/wp-content\/uploads\/2026\/02\/kleepsukunn.png","datePublished":"2023-11-09T17:26:30+00:00","dateModified":"2026-04-03T12:40:37+00:00","breadcrumb":{"@id":"https:\/\/printshark.ee\/fi\/yhteystiedot\/#breadcrumb"},"inLanguage":"fi","potentialAction":[{"@type":"ReadAction","target":["https:\/\/printshark.ee\/fi\/yhteystiedot\/"]}]},{"@type":"ImageObject","inLanguage":"fi","@id":"https:\/\/printshark.ee\/fi\/yhteystiedot\/#primaryimage","url":"https:\/\/printshark.ee\/wp-content\/uploads\/2026\/02\/kleepsukunn.png","contentUrl":"https:\/\/printshark.ee\/wp-content\/uploads\/2026\/02\/kleepsukunn.png"},{"@type":"BreadcrumbList","@id":"https:\/\/printshark.ee\/fi\/yhteystiedot\/#breadcrumb","itemListElement":[{"@type":"ListItem","position":1,"name":"Home","item":"https:\/\/printshark.ee\/fi\/"},{"@type":"ListItem","position":2,"name":"Yhteystiedot"}]},{"@type":"WebSite","@id":"https:\/\/printshark.ee\/fi\/#website","url":"https:\/\/printshark.ee\/fi\/","name":"Printshark","description":"Kleebised sinu br&auml;ndile. Kiirelt. Lihtsalt. Personaalselt.","publisher":{"@id":"https:\/\/printshark.ee\/fi\/#organization"},"potentialAction":[{"@type":"SearchAction","target":{"@type":"EntryPoint","urlTemplate":"https:\/\/printshark.ee\/fi\/?s={search_term_string}"},"query-input":{"@type":"PropertyValueSpecification","valueRequired":true,"valueName":"search_term_string"}}],"inLanguage":"fi"},{"@type":"Organization","@id":"https:\/\/printshark.ee\/fi\/#organization","name":"Printshark","url":"https:\/\/printshark.ee\/fi\/","logo":{"@type":"ImageObject","inLanguage":"fi","@id":"https:\/\/printshark.ee\/fi\/#\/schema\/logo\/image\/","url":"https:\/\/printshark.ee\/wp-content\/uploads\/2024\/12\/Printshark_logo.png","contentUrl":"https:\/\/printshark.ee\/wp-content\/uploads\/2024\/12\/Printshark_logo.png","width":1200,"height":393,"caption":"Printshark"},"image":{"@id":"https:\/\/printshark.ee\/fi\/#\/schema\/logo\/image\/"},"sameAs":["https:\/\/www.facebook.com\/printsharkest","https:\/\/www.instagram.com\/printshark.ee\/"]}]}},"_links":{"self":[{"href":"https:\/\/printshark.ee\/fi\/wp-json\/wp\/v2\/pages\/31459","targetHints":{"allow":["GET"]}}],"collection":[{"href":"https:\/\/printshark.ee\/fi\/wp-json\/wp\/v2\/pages"}],"about":[{"href":"https:\/\/printshark.ee\/fi\/wp-json\/wp\/v2\/types\/page"}],"author":[{"embeddable":true,"href":"https:\/\/printshark.ee\/fi\/wp-json\/wp\/v2\/users\/1"}],"replies":[{"embeddable":true,"href":"https:\/\/printshark.ee\/fi\/wp-json\/wp\/v2\/comments?post=31459"}],"version-history":[{"count":4,"href":"https:\/\/printshark.ee\/fi\/wp-json\/wp\/v2\/pages\/31459\/revisions"}],"predecessor-version":[{"id":31791,"href":"https:\/\/printshark.ee\/fi\/wp-json\/wp\/v2\/pages\/31459\/revisions\/31791"}],"wp:attachment":[{"href":"https:\/\/printshark.ee\/fi\/wp-json\/wp\/v2\/media?parent=31459"}],"curies":[{"name":"wp","href":"https:\/\/api.w.org\/{rel}","templated":true}]}}